{"id":3377,"date":"2019-10-23T08:23:39","date_gmt":"2019-10-23T06:23:39","guid":{"rendered":"https:\/\/velimirovicinvest.web33.me\/contact-us\/"},"modified":"2025-05-07T20:44:39","modified_gmt":"2025-05-07T18:44:39","slug":"contact-us","status":"publish","type":"page","link":"https:\/\/velimirovicinvest.me\/me\/contact-us\/","title":{"rendered":"Kontakt"},"content":{"rendered":"\t\t<div data-elementor-type=\"wp-page\" data-elementor-id=\"3377\" class=\"elementor elementor-3377 elementor-341\" data-elementor-post-type=\"page\">\n\t\t\t\t\t\t<section class=\"elementor-section elementor-top-section elementor-element elementor-element-2fc9969 elementor-section-boxed elementor-section-height-default elementor-section-height-default\" data-id=\"2fc9969\" data-element_type=\"section\">\n\t\t\t\t\t\t<div class=\"elementor-container elementor-column-gap-no\">\n\t\t\t\t\t<div class=\"elementor-column elementor-col-50 elementor-top-column elementor-element elementor-element-6a0d2ef\" data-id=\"6a0d2ef\" data-element_type=\"column\">\n\t\t\t<div class=\"elementor-widget-wrap elementor-element-populated\">\n\t\t\t\t\t\t<div class=\"elementor-element elementor-element-cce7dd1 animated-fast elementor-invisible elementor-widget elementor-widget-heading\" data-id=\"cce7dd1\" data-element_type=\"widget\" data-settings=\"{&quot;_animation&quot;:&quot;opal-move-up&quot;}\" data-widget_type=\"heading.default\">\n\t\t\t\t<div class=\"elementor-widget-container\">\n\t\t\t\t\t<div class=\"elementor-heading-wrapper\" ><span class=\"sub-title\">Pi\u0161ite nam u bilo koje vrijeme<\/span><div class=\"elementor-heading-wrapper-inner\"><h2 class=\"elementor-heading-title elementor-size-default\">O\u010dekujete odgovor<br>\nu narednih 12-24h <br>\n\n<\/h2><\/div><\/div>\t\t\t\t<\/div>\n\t\t\t\t<\/div>\n\t\t\t\t<div class=\"elementor-element elementor-element-95665a6 animated-fast elementor-invisible elementor-widget elementor-widget-heading\" data-id=\"95665a6\" data-element_type=\"widget\" data-settings=\"{&quot;_animation&quot;:&quot;opal-move-up&quot;}\" data-widget_type=\"heading.default\">\n\t\t\t\t<div class=\"elementor-widget-container\">\n\t\t\t\t\t<div class=\"elementor-heading-wrapper\" ><div class=\"elementor-heading-wrapper-inner\"><h2 class=\"elementor-heading-title elementor-size-default\">Glavna kancelarija<\/h2><\/div><\/div>\t\t\t\t<\/div>\n\t\t\t\t<\/div>\n\t\t\t\t<div class=\"elementor-element elementor-element-8a50b9a animated-fast icon-list-style1 elementor-icon-list--layout-traditional elementor-list-item-link-full_width elementor-invisible elementor-widget elementor-widget-icon-list\" data-id=\"8a50b9a\" data-element_type=\"widget\" data-settings=\"{&quot;_animation&quot;:&quot;opal-move-up&quot;}\" data-widget_type=\"icon-list.default\">\n\t\t\t\t<div class=\"elementor-widget-container\">\n\t\t\t\t\t\t\t<ul class=\"elementor-icon-list-items\">\n\t\t\t\t\t\t\t<li class=\"elementor-icon-list-item\">\n\t\t\t\t\t\t\t\t\t\t\t<span class=\"elementor-icon-list-icon\">\n\t\t\t\t\t\t\t\t\t\t\t\t\t\t\t\t<i class=\"fa fa-map-o\" aria-hidden=\"true\"><\/i>\n\t\t\t\t\t\t\t\t\t\t\t\t\t<\/span>\n\t\t\t\t\t\t\t\t\t\t<span class=\"elementor-icon-list-text\">Serdara Jola Pileti\u0107a 8\/7, 81000 Podgorica, Montenegro<\/span>\n\t\t\t\t\t\t\t\t\t<\/li>\n\t\t\t\t\t\t\t\t<li class=\"elementor-icon-list-item\">\n\t\t\t\t\t\t\t\t\t\t\t<span class=\"elementor-icon-list-icon\">\n\t\t\t\t\t\t\t\t\t\t\t\t\t\t\t\t<i class=\"fa fa-envelope-o\" aria-hidden=\"true\"><\/i>\n\t\t\t\t\t\t\t\t\t\t\t\t\t<\/span>\n\t\t\t\t\t\t\t\t\t\t<span class=\"elementor-icon-list-text\">info@velimirovic.me<\/span>\n\t\t\t\t\t\t\t\t\t<\/li>\n\t\t\t\t\t\t\t\t<li class=\"elementor-icon-list-item\">\n\t\t\t\t\t\t\t\t\t\t\t<span class=\"elementor-icon-list-icon\">\n\t\t\t\t\t\t\t\t\t\t\t\t\t\t\t\t<i class=\"fa fa-phone\" aria-hidden=\"true\"><\/i>\n\t\t\t\t\t\t\t\t\t\t\t\t\t<\/span>\n\t\t\t\t\t\t\t\t\t\t<span class=\"elementor-icon-list-text\">+382 69 302 953<\/span>\n\t\t\t\t\t\t\t\t\t<\/li>\n\t\t\t\t\t\t\t\t<li class=\"elementor-icon-list-item\">\n\t\t\t\t\t\t\t\t\t\t\t<span class=\"elementor-icon-list-icon\">\n\t\t\t\t\t\t\t\t\t\t\t\t\t\t\t\t<i class=\"fa fa-clock-o\" aria-hidden=\"true\"><\/i>\n\t\t\t\t\t\t\t\t\t\t\t\t\t<\/span>\n\t\t\t\t\t\t\t\t\t\t<span class=\"elementor-icon-list-text\">Ponedjeljak - Subota: od 7:00am do 15:00pm<\/span>\n\t\t\t\t\t\t\t\t\t<\/li>\n\t\t\t\t\t\t<\/ul>\n\t\t\t\t\t\t<\/div>\n\t\t\t\t<\/div>\n\t\t\t\t\t<\/div>\n\t\t<\/div>\n\t\t\t\t<div class=\"elementor-column elementor-col-50 elementor-top-column elementor-element elementor-element-ebdf4de\" data-id=\"ebdf4de\" data-element_type=\"column\">\n\t\t\t<div class=\"elementor-widget-wrap elementor-element-populated\">\n\t\t\t\t\t\t<div class=\"elementor-element elementor-element-59c0f27 animated-fast elementor-invisible elementor-widget elementor-widget-opal-image-hotspots\" data-id=\"59c0f27\" data-element_type=\"widget\" data-settings=\"{&quot;_animation&quot;:&quot;opal-move-up&quot;,&quot;_animation_delay&quot;:150}\" data-widget_type=\"opal-image-hotspots.default\">\n\t\t\t\t<div class=\"elementor-widget-container\">\n\t\t\t\t\t                <div id=\"opal-image-hotspots-59c0f27\"\n             class=\"opal-image-hotspots-container\"\n             data-settings='{\"anim\":\"fade\",\"animDur\":350,\"delay\":10,\"arrow\":true,\"distance\":6,\"minWidth\":0,\"maxWidth\":\"null\",\"side\":[\"top\",\"bottom\"],\"hideMobiles\":false,\"trigger\":\"hover\",\"id\":\"59c0f27\"}'>\n            <img decoding=\"async\" class=\"opal-addons-image-hotspots-ib-img\" alt=\"Background\" src=\"https:\/\/velimirovicinvest.me\/wp-content\/uploads\/2019\/10\/bg_contact.webp\">\n                            <div class=\"opal-image-hotspots-anim opal-image-hotspots-main-icons elementor-repeater-item-0b7d765 tooltip-wrapper opal-image-hotspots-main-icons-0b7d765\" data-tab=\"#elementor-tab-title-0b7d765\"                        data-tooltip-content=\"#tooltip_content\">\n                                            <i class=\"opal-image-hotspots-icon\"><\/i>\n                                        <div class=\"opal-image-hotspots-tooltips-wrapper\">\n                        <div id=\"tooltip_content\"\n                             class=\"opal-image-hotspots-tooltips-text opal-image-hotspots-tooltips-text-59c0f27\"><p>Podgorica<\/p><\/div>\n                    <\/div>\n                <\/div>\n                    <\/div>\n\n        \t\t\t\t<\/div>\n\t\t\t\t<\/div>\n\t\t\t\t\t<\/div>\n\t\t<\/div>\n\t\t\t\t\t<\/div>\n\t\t<\/section>\n\t\t\t\t<section class=\"elementor-section elementor-top-section elementor-element elementor-element-257a3c3 elementor-section-boxed elementor-section-height-default elementor-section-height-default\" data-id=\"257a3c3\" data-element_type=\"section\">\n\t\t\t\t\t\t<div class=\"elementor-container elementor-column-gap-no\">\n\t\t\t\t\t<div class=\"elementor-column elementor-col-50 elementor-top-column elementor-element elementor-element-1d6f08b\" data-id=\"1d6f08b\" data-element_type=\"column\">\n\t\t\t<div class=\"elementor-widget-wrap elementor-element-populated\">\n\t\t\t\t\t\t<div class=\"elementor-element elementor-element-2014ac3 animated-fast elementor-invisible elementor-widget elementor-widget-heading\" data-id=\"2014ac3\" data-element_type=\"widget\" data-settings=\"{&quot;_animation&quot;:&quot;opal-move-up&quot;,&quot;_animation_delay&quot;:150}\" data-widget_type=\"heading.default\">\n\t\t\t\t<div class=\"elementor-widget-container\">\n\t\t\t\t\t<div class=\"elementor-heading-wrapper\" ><span class=\"sub-title\">Za vi\u0161e informacija<\/span><div class=\"elementor-heading-wrapper-inner\"><h2 class=\"elementor-heading-title elementor-size-default\">Ispunite obrazac i na\u0161e kolege \u0107e Vas kontaktirati u vezi svakog upita.<\/h2><\/div><\/div>\t\t\t\t<\/div>\n\t\t\t\t<\/div>\n\t\t\t\t<div class=\"elementor-element elementor-element-cc707fe animated-fast elementor-align-left elementor-wpcf7-button-primary elementor-wpcf7-button-md elementor-invisible elementor-widget elementor-widget-opal-contactform7\" data-id=\"cc707fe\" data-element_type=\"widget\" data-settings=\"{&quot;_animation&quot;:&quot;opal-move-up&quot;,&quot;_animation_delay&quot;:250}\" data-widget_type=\"opal-contactform7.default\">\n\t\t\t\t<div class=\"elementor-widget-container\">\n\t\t\t\t\t\n<div class=\"wpcf7 no-js\" id=\"wpcf7-f1052-o1\" lang=\"en-US\" dir=\"ltr\" data-wpcf7-id=\"1052\">\n<div class=\"screen-reader-response\"><p role=\"status\" aria-live=\"polite\" aria-atomic=\"true\"><\/p> <ul><\/ul><\/div>\n<form action=\"\/me\/wp-json\/wp\/v2\/pages\/3377#wpcf7-f1052-o1\" method=\"post\" class=\"wpcf7-form init\" aria-label=\"Contact form\" novalidate=\"novalidate\" data-status=\"init\">\n<fieldset class=\"hidden-fields-container\"><input type=\"hidden\" name=\"_wpcf7\" value=\"1052\" \/><input type=\"hidden\" name=\"_wpcf7_version\" value=\"6.1.4\" \/><input type=\"hidden\" name=\"_wpcf7_locale\" value=\"en_US\" \/><input type=\"hidden\" name=\"_wpcf7_unit_tag\" value=\"wpcf7-f1052-o1\" \/><input type=\"hidden\" name=\"_wpcf7_container_post\" value=\"0\" \/><input type=\"hidden\" name=\"_wpcf7_posted_data_hash\" value=\"\" \/>\n<\/fieldset>\n<div class=\"row\">\n\t<div class=\"col-md-12\">\n\t\t<div class=\"mb-4\">\n\t\t\t<p><span class=\"wpcf7-form-control-wrap\" data-name=\"text-337\"><input size=\"40\" maxlength=\"400\" class=\"wpcf7-form-control wpcf7-text\" id=\"form-name\" aria-invalid=\"false\" placeholder=\"Your Name\" value=\"\" type=\"text\" name=\"text-337\" \/><\/span>\n\t\t\t<\/p>\n\t\t<\/div>\n\t\t<div class=\"mb-4\">\n\t\t\t<p><span class=\"wpcf7-form-control-wrap\" data-name=\"email-104\"><input size=\"40\" maxlength=\"400\" class=\"wpcf7-form-control wpcf7-email wpcf7-text wpcf7-validates-as-email\" id=\"form-email\" aria-invalid=\"false\" placeholder=\"Email\" value=\"\" type=\"email\" name=\"email-104\" \/><\/span>\n\t\t\t<\/p>\n\t\t<\/div>\n\t\t<div class=\"mb-4\">\n\t\t\t<p><span class=\"wpcf7-form-control-wrap\" data-name=\"text-338\"><input size=\"40\" maxlength=\"400\" class=\"wpcf7-form-control wpcf7-text\" id=\"form-subject\" aria-invalid=\"false\" placeholder=\"Subject\" value=\"\" type=\"text\" name=\"text-338\" \/><\/span>\n\t\t\t<\/p>\n\t\t<\/div>\n\t\t<div class=\"mb-4\">\n\t\t\t<p><span class=\"wpcf7-form-control-wrap\" data-name=\"textarea-339\"><textarea cols=\"40\" rows=\"3\" maxlength=\"2000\" class=\"wpcf7-form-control wpcf7-textarea form-control\" id=\"textarea\" aria-invalid=\"false\" placeholder=\"Message\" name=\"textarea-339\"><\/textarea><\/span>\n\t\t\t<\/p>\n\t\t<\/div>\n\t<\/div>\n<\/div>\n<p><button class=\"btn btn-default btn-sm\" type=\"submit\" value=\"Submit\"><span>Submit<\/span><i class=\"opal-icon-arrow-right\" aria-hidden=\"true\"><\/i><\/button>\n<\/p><div class=\"wpcf7-response-output\" aria-hidden=\"true\"><\/div>\n<\/form>\n<\/div>\n\t\t\t\t<\/div>\n\t\t\t\t<\/div>\n\t\t\t\t\t<\/div>\n\t\t<\/div>\n\t\t\t\t<div class=\"elementor-column elementor-col-50 elementor-top-column elementor-element elementor-element-241fdf9 animated-fast elementor-hidden-desktop elementor-hidden-tablet elementor-hidden-mobile elementor-invisible\" data-id=\"241fdf9\" data-element_type=\"column\" data-settings=\"{&quot;animation&quot;:&quot;opal-move-up&quot;}\">\n\t\t\t<div class=\"elementor-widget-wrap elementor-element-populated\">\n\t\t\t\t\t\t<div class=\"elementor-element elementor-element-79d5432 elementor-position-left animated-fast elementor-vertical-align-top elementor-invisible elementor-widget elementor-widget-image-box\" data-id=\"79d5432\" data-element_type=\"widget\" data-settings=\"{&quot;_animation&quot;:&quot;opal-move-up&quot;}\" data-widget_type=\"image-box.default\">\n\t\t\t\t<div class=\"elementor-widget-container\">\n\t\t\t\t\t<div class=\"elementor-image-box-wrapper elementor-button-\"><div class=\"elementor-image-framed\"><figure class=\"elementor-image-box-img\"><img decoding=\"async\" src=\"https:\/\/velimirovicinvest.me\/wp-content\/uploads\/elementor\/thumbs\/about-leader-3-r5gzf6bf4ru2sqe4larepep4w3esbm5mxord3muxik.webp\" title=\"about-leader-3\" alt=\"about-leader-3\" loading=\"lazy\" \/><\/figure><\/div><div class=\"elementor-image-box-content\"><h3 class=\"elementor-image-box-title\">John Doe<\/h3><p class=\"elementor-image-box-description\">Senior Marketing Manager<br>\nPhone: + 844 123 444 77 88<br>\nEmail: contact@example.com<\/p><\/div><\/div>\t\t\t\t<\/div>\n\t\t\t\t<\/div>\n\t\t\t\t<div class=\"elementor-element elementor-element-c835652 elementor-position-left animated-fast elementor-vertical-align-top elementor-invisible elementor-widget elementor-widget-image-box\" data-id=\"c835652\" data-element_type=\"widget\" data-settings=\"{&quot;_animation&quot;:&quot;opal-move-up&quot;}\" data-widget_type=\"image-box.default\">\n\t\t\t\t<div class=\"elementor-widget-container\">\n\t\t\t\t\t<div class=\"elementor-image-box-wrapper elementor-button-\"><div class=\"elementor-image-framed\"><figure class=\"elementor-image-box-img\"><img decoding=\"async\" src=\"https:\/\/velimirovicinvest.me\/wp-content\/uploads\/elementor\/thumbs\/about-leader-5-r5gzf4fqr3ri5iguw9y5kf67pbo1w7y69fge52xpv0.webp\" title=\"about-leader-5\" alt=\"about-leader-5\" loading=\"lazy\" \/><\/figure><\/div><div class=\"elementor-image-box-content\"><h3 class=\"elementor-image-box-title\">William Smith<\/h3><p class=\"elementor-image-box-description\">Recruiting Manager<br>\nPhone: + 844 123 444 77 88<br>\nEmail: contact@example.com<\/p><\/div><\/div>\t\t\t\t<\/div>\n\t\t\t\t<\/div>\n\t\t\t\t<div class=\"elementor-element elementor-element-d700a0c elementor-position-left animated-fast elementor-vertical-align-top elementor-invisible elementor-widget elementor-widget-image-box\" data-id=\"d700a0c\" data-element_type=\"widget\" data-settings=\"{&quot;_animation&quot;:&quot;opal-move-up&quot;}\" data-widget_type=\"image-box.default\">\n\t\t\t\t<div class=\"elementor-widget-container\">\n\t\t\t\t\t<div class=\"elementor-image-box-wrapper elementor-button-\"><div class=\"elementor-image-framed\"><figure class=\"elementor-image-box-img\"><img decoding=\"async\" src=\"https:\/\/velimirovicinvest.me\/wp-content\/uploads\/elementor\/thumbs\/about-leader-4-r5gzf4fqr3ri5iguw9y5kf67pbo1w7y69fge52xpv0.webp\" title=\"about-leader-4\" alt=\"about-leader-4\" loading=\"lazy\" \/><\/figure><\/div><div class=\"elementor-image-box-content\"><h3 class=\"elementor-image-box-title\">Emma Stone<\/h3><p class=\"elementor-image-box-description\">Human Resource<br>\nPhone: + 844 123 444 77 88<br>\nEmail: contact@example.com<\/p><\/div><\/div>\t\t\t\t<\/div>\n\t\t\t\t<\/div>\n\t\t\t\t\t<\/div>\n\t\t<\/div>\n\t\t\t\t\t<\/div>\n\t\t<\/section>\n\t\t\t\t<\/div>\n\t\t","protected":false},"excerpt":{"rendered":"<p>Pi\u0161ite nam u bilo koje vrijeme O\u010dekujete odgovor u narednih 12-24h Glavna kancelarija Serdara Jola Pileti\u0107a 8\/7, 81000 Podgorica, Montenegro info@velimirovic.me +382 69 302 953 Ponedjeljak &#8211; Subota: od 7:00am do 15:00pm Podgorica Za vi\u0161e informacija Ispunite obrazac i na\u0161e kolege \u0107e Vas kontaktirati u vezi svakog upita. Submit John Doe Senior Marketing Manager Phone: &hellip; <\/p>\n<p class=\"link-more\"><a href=\"https:\/\/velimirovicinvest.me\/me\/contact-us\/\" class=\"more-link\">Read More <span class=\"screen-reader-text\"> &#8220;Kontakt&#8221;<\/span><\/a><\/p>\n","protected":false},"author":1,"featured_media":0,"parent":0,"menu_order":0,"comment_status":"closed","ping_status":"closed","template":"page-elementor.php","meta":{"inline_featured_image":false,"footnotes":""},"class_list":["post-3377","page","type-page","status-publish","hentry"],"_links":{"self":[{"href":"https:\/\/velimirovicinvest.me\/me\/wp-json\/wp\/v2\/pages\/3377","targetHints":{"allow":["GET"]}}],"collection":[{"href":"https:\/\/velimirovicinvest.me\/me\/wp-json\/wp\/v2\/pages"}],"about":[{"href":"https:\/\/velimirovicinvest.me\/me\/wp-json\/wp\/v2\/types\/page"}],"author":[{"embeddable":true,"href":"https:\/\/velimirovicinvest.me\/me\/wp-json\/wp\/v2\/users\/1"}],"replies":[{"embeddable":true,"href":"https:\/\/velimirovicinvest.me\/me\/wp-json\/wp\/v2\/comments?post=3377"}],"version-history":[{"count":12,"href":"https:\/\/velimirovicinvest.me\/me\/wp-json\/wp\/v2\/pages\/3377\/revisions"}],"predecessor-version":[{"id":3876,"href":"https:\/\/velimirovicinvest.me\/me\/wp-json\/wp\/v2\/pages\/3377\/revisions\/3876"}],"wp:attachment":[{"href":"https:\/\/velimirovicinvest.me\/me\/wp-json\/wp\/v2\/media?parent=3377"}],"curies":[{"name":"wp","href":"https:\/\/api.w.org\/{rel}","templated":true}]}}